{"id":4563,"date":"2025-07-21T12:59:59","date_gmt":"2025-07-21T12:59:59","guid":{"rendered":"https:\/\/www.fritz-felix.com\/?page_id=4563"},"modified":"2025-07-22T13:15:20","modified_gmt":"2025-07-22T13:15:20","slug":"schuttelbrot","status":"publish","type":"page","link":"https:\/\/www.fritz-felix.com\/de\/schuttelbrot\/","title":{"rendered":"Sch\u00fcttelbrot"},"content":{"rendered":"\t\t<div data-elementor-type=\"wp-page\" data-elementor-id=\"4563\" class=\"elementor elementor-4563 elementor-4562\" data-elementor-post-type=\"page\">\n\t\t\t\t<div class=\"elementor-element elementor-element-ca52e98 e-flex e-con-boxed e-con e-parent\" data-id=\"ca52e98\" data-element_type=\"container\" data-e-type=\"container\" data-settings=\"{&quot;background_background&quot;:&quot;classic&quot;,&quot;shape_divider_bottom&quot;:&quot;wave-brush&quot;}\">\n\t\t\t\t\t<div class=\"e-con-inner\">\n\t\t\t\t<div class=\"elementor-shape elementor-shape-bottom\" aria-hidden=\"true\" data-negative=\"false\">\n\t\t\t<svg xmlns=\"http:\/\/www.w3.org\/2000\/svg\" viewBox=\"0 0 283.5 27.8\" preserveAspectRatio=\"none\">\n\t<path class=\"elementor-shape-fill\" d=\"M283.5,9.7c0,0-7.3,4.3-14,4.6c-6.8,0.3-12.6,0-20.9-1.5c-11.3-2-33.1-10.1-44.7-5.7\ts-12.1,4.6-18,7.4c-6.6,3.2-20,9.6-36.6,9.3C131.6,23.5,99.5,7.2,86.3,8c-1.4,0.1-6.6,0.8-10.5,2c-3.8,1.2-9.4,3.8-17,4.7\tc-3.2,0.4-8.3,1.1-14.2,0.9c-1.5-0.1-6.3-0.4-12-1.6c-5.7-1.2-11-3.1-15.8-3.7C6.5,9.2,0,10.8,0,10.8V0h283.5V9.7z M260.8,11.3\tc-0.7-1-2-0.4-4.3-0.4c-2.3,0-6.1-1.2-5.8-1.1c0.3,0.1,3.1,1.5,6,1.9C259.7,12.2,261.4,12.3,260.8,11.3z M242.4,8.6\tc0,0-2.4-0.2-5.6-0.9c-3.2-0.8-10.3-2.8-15.1-3.5c-8.2-1.1-15.8,0-15.1,0.1c0.8,0.1,9.6-0.6,17.6,1.1c3.3,0.7,9.3,2.2,12.4,2.7\tC239.9,8.7,242.4,8.6,242.4,8.6z M185.2,8.5c1.7-0.7-13.3,4.7-18.5,6.1c-2.1,0.6-6.2,1.6-10,2c-3.9,0.4-8.9,0.4-8.8,0.5\tc0,0.2,5.8,0.8,11.2,0c5.4-0.8,5.2-1.1,7.6-1.6C170.5,14.7,183.5,9.2,185.2,8.5z M199.1,6.9c0.2,0-0.8-0.4-4.8,1.1\tc-4,1.5-6.7,3.5-6.9,3.7c-0.2,0.1,3.5-1.8,6.6-3C197,7.5,199,6.9,199.1,6.9z M283,6c-0.1,0.1-1.9,1.1-4.8,2.5s-6.9,2.8-6.7,2.7\tc0.2,0,3.5-0.6,7.4-2.5C282.8,6.8,283.1,5.9,283,6z M31.3,11.6c0.1-0.2-1.9-0.2-4.5-1.2s-5.4-1.6-7.8-2C15,7.6,7.3,8.5,7.7,8.6\tC8,8.7,15.9,8.3,20.2,9.3c2.2,0.5,2.4,0.5,5.7,1.6S31.2,11.9,31.3,11.6z M73,9.2c0.4-0.1,3.5-1.6,8.4-2.6c4.9-1.1,8.9-0.5,8.9-0.8\tc0-0.3-1-0.9-6.2-0.3S72.6,9.3,73,9.2z M71.6,6.7C71.8,6.8,75,5.4,77.3,5c2.3-0.3,1.9-0.5,1.9-0.6c0-0.1-1.1-0.2-2.7,0.2\tC74.8,5.1,71.4,6.6,71.6,6.7z M93.6,4.4c0.1,0.2,3.5,0.8,5.6,1.8c2.1,1,1.8,0.6,1.9,0.5c0.1-0.1-0.8-0.8-2.4-1.3\tC97.1,4.8,93.5,4.2,93.6,4.4z M65.4,11.1c-0.1,0.3,0.3,0.5,1.9-0.2s2.6-1.3,2.2-1.2s-0.9,0.4-2.5,0.8C65.3,10.9,65.5,10.8,65.4,11.1\tz M34.5,12.4c-0.2,0,2.1,0.8,3.3,0.9c1.2,0.1,2,0.1,2-0.2c0-0.3-0.1-0.5-1.6-0.4C36.6,12.8,34.7,12.4,34.5,12.4z M152.2,21.1\tc-0.1,0.1-2.4-0.3-7.5-0.3c-5,0-13.6-2.4-17.2-3.5c-3.6-1.1,10,3.9,16.5,4.1C150.5,21.6,152.3,21,152.2,21.1z\"\/>\n\t<path class=\"elementor-shape-fill\" d=\"M269.6,18c-0.1-0.1-4.6,0.3-7.2,0c-7.3-0.7-17-3.2-16.6-2.9c0.4,0.3,13.7,3.1,17,3.3\tC267.7,18.8,269.7,18,269.6,18z\"\/>\n\t<path class=\"elementor-shape-fill\" d=\"M227.4,9.8c-0.2-0.1-4.5-1-9.5-1.2c-5-0.2-12.7,0.6-12.3,0.5c0.3-0.1,5.9-1.8,13.3-1.2\tS227.6,9.9,227.4,9.8z\"\/>\n\t<path class=\"elementor-shape-fill\" d=\"M204.5,13.4c-0.1-0.1,2-1,3.2-1.1c1.2-0.1,2,0,2,0.3c0,0.3-0.1,0.5-1.6,0.4\tC206.4,12.9,204.6,13.5,204.5,13.4z\"\/>\n\t<path class=\"elementor-shape-fill\" d=\"M201,10.6c0-0.1-4.4,1.2-6.3,2.2c-1.9,0.9-6.2,3.1-6.1,3.1c0.1,0.1,4.2-1.6,6.3-2.6\tS201,10.7,201,10.6z\"\/>\n\t<path class=\"elementor-shape-fill\" d=\"M154.5,26.7c-0.1-0.1-4.6,0.3-7.2,0c-7.3-0.7-17-3.2-16.6-2.9c0.4,0.3,13.7,3.1,17,3.3\tC152.6,27.5,154.6,26.8,154.5,26.7z\"\/>\n\t<path class=\"elementor-shape-fill\" d=\"M41.9,19.3c0,0,1.2-0.3,2.9-0.1c1.7,0.2,5.8,0.9,8.2,0.7c4.2-0.4,7.4-2.7,7-2.6\tc-0.4,0-4.3,2.2-8.6,1.9c-1.8-0.1-5.1-0.5-6.7-0.4S41.9,19.3,41.9,19.3z\"\/>\n\t<path class=\"elementor-shape-fill\" d=\"M75.5,12.6c0.2,0.1,2-0.8,4.3-1.1c2.3-0.2,2.1-0.3,2.1-0.5c0-0.1-1.8-0.4-3.4,0\tC76.9,11.5,75.3,12.5,75.5,12.6z\"\/>\n\t<path class=\"elementor-shape-fill\" d=\"M15.6,13.2c0-0.1,4.3,0,6.7,0.5c2.4,0.5,5,1.9,5,2c0,0.1-2.7-0.8-5.1-1.4\tC19.9,13.7,15.7,13.3,15.6,13.2z\"\/>\n<\/svg>\t\t<\/div>\n\t\t<div class=\"elementor-element elementor-element-539cef6 e-con-full e-flex e-con e-child\" data-id=\"539cef6\" data-element_type=\"container\" data-e-type=\"container\">\n\t\t\t\t<div class=\"elementor-element elementor-element-2c4e849 elementor-align-left elementor-widget elementor-widget-breadcrumbs\" data-id=\"2c4e849\" data-element_type=\"widget\" data-e-type=\"widget\" data-widget_type=\"breadcrumbs.default\">\n\t\t\t\t<div class=\"elementor-widget-container\">\n\t\t\t\t\t<p id=\"breadcrumbs\"><span><span><a href=\"https:\/\/www.fritz-felix.com\/de\/\">Home<\/a><\/span><\/span><\/p>\t\t\t\t<\/div>\n\t\t\t\t<\/div>\n\t\t\t\t<div class=\"elementor-element elementor-element-480e120 elementor-widget-tablet__width-inherit elementor-widget elementor-widget-heading\" data-id=\"480e120\" data-element_type=\"widget\" data-e-type=\"widget\" data-widget_type=\"heading.default\">\n\t\t\t\t<div class=\"elementor-widget-container\">\n\t\t\t\t\t<h2 class=\"elementor-heading-title elementor-size-default\">Sch\u00fcttelbrot<\/h2>\t\t\t\t<\/div>\n\t\t\t\t<\/div>\n\t\t\t\t<div class=\"elementor-element elementor-element-68264b1 elementor-widget elementor-widget-heading\" data-id=\"68264b1\" data-element_type=\"widget\" data-e-type=\"widget\" data-widget_type=\"heading.default\">\n\t\t\t\t<div class=\"elementor-widget-container\">\n\t\t\t\t\t<h2 class=\"elementor-heading-title elementor-size-default\">Die knusprige S\u00fcdtiroler Tradition<\/h2>\t\t\t\t<\/div>\n\t\t\t\t<\/div>\n\t\t\t\t<div class=\"elementor-element elementor-element-36b98d4 elementor-widget-tablet__width-inherit elementor-widget elementor-widget-text-editor\" data-id=\"36b98d4\" data-element_type=\"widget\" data-e-type=\"widget\" data-widget_type=\"text-editor.default\">\n\t\t\t\t<div class=\"elementor-widget-container\">\n\t\t\t\t\t\t\t\t\t<p>Erlebe den einzigartigen Genuss des Sch\u00fcttelbrots \u2013 das knusprige Brot aus S\u00fcdtirol. Perfekt als Snack oder zum Wein, in vielen nat\u00fcrlichen und geschmackvollen Varianten erh\u00e4ltlich. Entdecke unser Sortiment und lass dich vom echten Geschmack der Tradition \u00fcberzeugen!<\/p>\n\t\t\t\t\t\t\t\t<\/div>\n\t\t\t\t<\/div>\n\t\t\t\t<\/div>\n\t\t\t\t\t<\/div>\n\t\t\t\t<\/div>\n\t\t<div class=\"elementor-element elementor-element-5a080df e-flex e-con-boxed e-con e-parent\" data-id=\"5a080df\" data-element_type=\"container\" data-e-type=\"container\" id=\"linee-prodotto\">\n\t\t\t\t\t<div class=\"e-con-inner\">\n\t\t<div class=\"elementor-element elementor-element-c1dd3bb e-con-full e-flex e-con e-child\" data-id=\"c1dd3bb\" data-element_type=\"container\" data-e-type=\"container\" id=\"sch\u00fcttelbrot\">\n\t\t\t\t<\/div>\n\t\t\t\t\t<\/div>\n\t\t\t\t<\/div>\n\t\t\t\t<\/div>\n\t\t","protected":false},"excerpt":{"rendered":"<p>Sch\u00fcttelbrot Die knusprige S\u00fcdtiroler Tradition Erlebe den einzigartigen Genuss des Sch\u00fcttelbrots \u2013 das knusprige Brot aus S\u00fcdtirol. Perfekt als Snack oder zum Wein, in vielen nat\u00fcrlichen und geschmackvollen Varianten erh\u00e4ltlich. Entdecke unser Sortiment und lass dich vom echten Geschmack der Tradition \u00fcberzeugen!<\/p>\n","protected":false},"author":1,"featured_media":0,"parent":0,"menu_order":0,"comment_status":"closed","ping_status":"closed","template":"elementor_header_footer","meta":{"footnotes":""},"class_list":["post-4563","page","type-page","status-publish","hentry"],"yoast_head":"<!-- This site is optimized with the Yoast SEO plugin v27.1.1 - https:\/\/yoast.com\/product\/yoast-seo-wordpress\/ -->\n<title>Sch\u00fcttelbrot - Fritz und Felix<\/title>\n<meta name=\"robots\" content=\"index, follow, max-snippet:-1, max-image-preview:large, max-video-preview:-1\" \/>\n<link rel=\"canonical\" href=\"https:\/\/www.fritz-felix.com\/de\/schuttelbrot\/\" \/>\n<meta property=\"og:locale\" content=\"de_DE\" \/>\n<meta property=\"og:type\" content=\"article\" \/>\n<meta property=\"og:title\" content=\"Sch\u00fcttelbrot - Fritz und Felix\" \/>\n<meta property=\"og:description\" content=\"Sch\u00fcttelbrot Die knusprige S\u00fcdtiroler Tradition Erlebe den einzigartigen Genuss des Sch\u00fcttelbrots \u2013 das knusprige Brot aus S\u00fcdtirol. Perfekt als Snack oder zum Wein, in vielen nat\u00fcrlichen und geschmackvollen Varianten erh\u00e4ltlich. Entdecke unser Sortiment und lass dich vom echten Geschmack der Tradition \u00fcberzeugen!\" \/>\n<meta property=\"og:url\" content=\"https:\/\/www.fritz-felix.com\/de\/schuttelbrot\/\" \/>\n<meta property=\"og:site_name\" content=\"Fritz und Felix\" \/>\n<meta property=\"article:modified_time\" content=\"2025-07-22T13:15:20+00:00\" \/>\n<meta name=\"twitter:card\" content=\"summary_large_image\" \/>\n<script type=\"application\/ld+json\" class=\"yoast-schema-graph\">{\"@context\":\"https:\/\/schema.org\",\"@graph\":[{\"@type\":\"WebPage\",\"@id\":\"https:\/\/www.fritz-felix.com\/de\/schuttelbrot\/\",\"url\":\"https:\/\/www.fritz-felix.com\/de\/schuttelbrot\/\",\"name\":\"Sch\u00fcttelbrot - Fritz und Felix\",\"isPartOf\":{\"@id\":\"https:\/\/www.fritz-felix.com\/de\/#website\"},\"datePublished\":\"2025-07-21T12:59:59+00:00\",\"dateModified\":\"2025-07-22T13:15:20+00:00\",\"breadcrumb\":{\"@id\":\"https:\/\/www.fritz-felix.com\/de\/schuttelbrot\/#breadcrumb\"},\"inLanguage\":\"de\",\"potentialAction\":[{\"@type\":\"ReadAction\",\"target\":[\"https:\/\/www.fritz-felix.com\/de\/schuttelbrot\/\"]}]},{\"@type\":\"BreadcrumbList\",\"@id\":\"https:\/\/www.fritz-felix.com\/de\/schuttelbrot\/#breadcrumb\",\"itemListElement\":[{\"@type\":\"ListItem\",\"position\":1,\"name\":\"Home\",\"item\":\"https:\/\/www.fritz-felix.com\/de\/\"},{\"@type\":\"ListItem\",\"position\":2,\"name\":\"Sch\u00fcttelbrot\"}]},{\"@type\":\"WebSite\",\"@id\":\"https:\/\/www.fritz-felix.com\/de\/#website\",\"url\":\"https:\/\/www.fritz-felix.com\/de\/\",\"name\":\"My WordPress\",\"description\":\"Panificio\",\"publisher\":{\"@id\":\"https:\/\/www.fritz-felix.com\/de\/#organization\"},\"potentialAction\":[{\"@type\":\"SearchAction\",\"target\":{\"@type\":\"EntryPoint\",\"urlTemplate\":\"https:\/\/www.fritz-felix.com\/de\/?s={search_term_string}\"},\"query-input\":{\"@type\":\"PropertyValueSpecification\",\"valueRequired\":true,\"valueName\":\"search_term_string\"}}],\"inLanguage\":\"de\"},{\"@type\":\"Organization\",\"@id\":\"https:\/\/www.fritz-felix.com\/de\/#organization\",\"name\":\"My WordPress\",\"url\":\"https:\/\/www.fritz-felix.com\/de\/\",\"logo\":{\"@type\":\"ImageObject\",\"inLanguage\":\"de\",\"@id\":\"https:\/\/www.fritz-felix.com\/de\/#\/schema\/logo\/image\/\",\"url\":\"https:\/\/www.fritz-felix.com\/wp-content\/uploads\/2025\/03\/FritzFelix.png\",\"contentUrl\":\"https:\/\/www.fritz-felix.com\/wp-content\/uploads\/2025\/03\/FritzFelix.png\",\"width\":1772,\"height\":874,\"caption\":\"My WordPress\"},\"image\":{\"@id\":\"https:\/\/www.fritz-felix.com\/de\/#\/schema\/logo\/image\/\"}}]}<\/script>\n<!-- \/ Yoast SEO plugin. -->","yoast_head_json":{"title":"Sch\u00fcttelbrot - Fritz und Felix","robots":{"index":"index","follow":"follow","max-snippet":"max-snippet:-1","max-image-preview":"max-image-preview:large","max-video-preview":"max-video-preview:-1"},"canonical":"https:\/\/www.fritz-felix.com\/de\/schuttelbrot\/","og_locale":"de_DE","og_type":"article","og_title":"Sch\u00fcttelbrot - Fritz und Felix","og_description":"Sch\u00fcttelbrot Die knusprige S\u00fcdtiroler Tradition Erlebe den einzigartigen Genuss des Sch\u00fcttelbrots \u2013 das knusprige Brot aus S\u00fcdtirol. Perfekt als Snack oder zum Wein, in vielen nat\u00fcrlichen und geschmackvollen Varianten erh\u00e4ltlich. Entdecke unser Sortiment und lass dich vom echten Geschmack der Tradition \u00fcberzeugen!","og_url":"https:\/\/www.fritz-felix.com\/de\/schuttelbrot\/","og_site_name":"Fritz und Felix","article_modified_time":"2025-07-22T13:15:20+00:00","twitter_card":"summary_large_image","schema":{"@context":"https:\/\/schema.org","@graph":[{"@type":"WebPage","@id":"https:\/\/www.fritz-felix.com\/de\/schuttelbrot\/","url":"https:\/\/www.fritz-felix.com\/de\/schuttelbrot\/","name":"Sch\u00fcttelbrot - Fritz und Felix","isPartOf":{"@id":"https:\/\/www.fritz-felix.com\/de\/#website"},"datePublished":"2025-07-21T12:59:59+00:00","dateModified":"2025-07-22T13:15:20+00:00","breadcrumb":{"@id":"https:\/\/www.fritz-felix.com\/de\/schuttelbrot\/#breadcrumb"},"inLanguage":"de","potentialAction":[{"@type":"ReadAction","target":["https:\/\/www.fritz-felix.com\/de\/schuttelbrot\/"]}]},{"@type":"BreadcrumbList","@id":"https:\/\/www.fritz-felix.com\/de\/schuttelbrot\/#breadcrumb","itemListElement":[{"@type":"ListItem","position":1,"name":"Home","item":"https:\/\/www.fritz-felix.com\/de\/"},{"@type":"ListItem","position":2,"name":"Sch\u00fcttelbrot"}]},{"@type":"WebSite","@id":"https:\/\/www.fritz-felix.com\/de\/#website","url":"https:\/\/www.fritz-felix.com\/de\/","name":"My WordPress","description":"Panificio","publisher":{"@id":"https:\/\/www.fritz-felix.com\/de\/#organization"},"potentialAction":[{"@type":"SearchAction","target":{"@type":"EntryPoint","urlTemplate":"https:\/\/www.fritz-felix.com\/de\/?s={search_term_string}"},"query-input":{"@type":"PropertyValueSpecification","valueRequired":true,"valueName":"search_term_string"}}],"inLanguage":"de"},{"@type":"Organization","@id":"https:\/\/www.fritz-felix.com\/de\/#organization","name":"My WordPress","url":"https:\/\/www.fritz-felix.com\/de\/","logo":{"@type":"ImageObject","inLanguage":"de","@id":"https:\/\/www.fritz-felix.com\/de\/#\/schema\/logo\/image\/","url":"https:\/\/www.fritz-felix.com\/wp-content\/uploads\/2025\/03\/FritzFelix.png","contentUrl":"https:\/\/www.fritz-felix.com\/wp-content\/uploads\/2025\/03\/FritzFelix.png","width":1772,"height":874,"caption":"My WordPress"},"image":{"@id":"https:\/\/www.fritz-felix.com\/de\/#\/schema\/logo\/image\/"}}]}},"_links":{"self":[{"href":"https:\/\/www.fritz-felix.com\/de\/wp-json\/wp\/v2\/pages\/4563","targetHints":{"allow":["GET"]}}],"collection":[{"href":"https:\/\/www.fritz-felix.com\/de\/wp-json\/wp\/v2\/pages"}],"about":[{"href":"https:\/\/www.fritz-felix.com\/de\/wp-json\/wp\/v2\/types\/page"}],"author":[{"embeddable":true,"href":"https:\/\/www.fritz-felix.com\/de\/wp-json\/wp\/v2\/users\/1"}],"replies":[{"embeddable":true,"href":"https:\/\/www.fritz-felix.com\/de\/wp-json\/wp\/v2\/comments?post=4563"}],"version-history":[{"count":3,"href":"https:\/\/www.fritz-felix.com\/de\/wp-json\/wp\/v2\/pages\/4563\/revisions"}],"predecessor-version":[{"id":4751,"href":"https:\/\/www.fritz-felix.com\/de\/wp-json\/wp\/v2\/pages\/4563\/revisions\/4751"}],"wp:attachment":[{"href":"https:\/\/www.fritz-felix.com\/de\/wp-json\/wp\/v2\/media?parent=4563"}],"curies":[{"name":"wp","href":"https:\/\/api.w.org\/{rel}","templated":true}]}}